{"id":1453,"date":"2025-07-08T19:19:12","date_gmt":"2025-07-08T18:19:12","guid":{"rendered":"https:\/\/www.falken-muenchen.de\/index.php\/produkt\/retro-glass-jug-330-ml\/"},"modified":"2025-12-13T16:21:47","modified_gmt":"2025-12-13T15:21:47","slug":"hoodie","status":"publish","type":"product","link":"https:\/\/www.falken-muenchen.de\/index.php\/produkt\/hoodie\/","title":{"rendered":"Hoodie &#8222;Freundschaft&#8220;"},"content":{"rendered":"<p>Der flauschige Kapuzenpulli h\u00e4lt dich warm und passt sowohl zum Lagerfeuer als auch zur Demo. Mit den kr\u00e4ftigen roten Aufdrucken tr\u00e4gst du die Falk*innen-Botschaft in die Welt. Der &#8222;Freundschaft&#8220;-Aufdruck kommt bei gereckter linker Faust am besten zur Geltung.<\/p>\n<p>Gr\u00f6\u00dfen, die die Genoss*innen auf den Bildern tragen: S \/ M (vorn und hinten) \/ L \/ XL (in dieser Reihenfolge).<\/p>\n<p>Die Preise werden gestaffelt sein. Je mehr Bestellungen wir bis Januar 2026 erhalten, desto g\u00fcnstiger wird es f\u00fcr alle. Bitte bestellt also schon flei\u00dfig vor! Denn wir k\u00f6nnen nur produzieren, wenn wir mindestens 100 Vorbestellungen einsammeln. Angezeigt wird sicherheitshalber der maximal m\u00f6gliche Preis. Wir hoffen aber dass wir eine gro\u00dfe St\u00fcckzahl erreichen. Sobald das passiert, korrigieren wir die Preise in allen Vorbestellungen. Bezahlen solltet ihr deshalb erst, nachdem ihr von uns eine Best\u00e4tigung bekommt. Das kann nat\u00fcrlich noch einige Monate dauern.<\/p>\n<table class=\"xslData;XLSY;v2;3814;BgaAAgAAB6ACAAABswoAAAINCwAAA70DAAAEywUAAAAAAAAAAAAAAAAAAAAAAAAAAAAAAAAAAAAAAAAAAAAAAAAAAAAAAAAAAAAAAAAAAAAAAAAAAAAAAAAAAAAAAAAAAAAAAAAAAAAAAAAAAAAAAAAAAAAAAAAAAAAAAAAAAAAAAAAAAAAAAAAAAAAAAAAAAAAAAAAAAAAAAAAAAAAAAAAAAAAAAAAAAAAAAAAAAAAAAAAAAAAAAAAAAAAAAAAAAAAAAAAAAAAAAAAAAAAAAAAAAAAAAAAAAAAAAAAAAAAAAAAAAAAAAAAAAAAAAAAAAAAAAAAAAAAAAAAAAAAAAAAAAAAAAAAAAAAAAAAAAAAAAAAAAAAAAAAAAAAAAAAAAAAAAAAAAAAAAAAAAAAAAAAAAAAAAAAAAAAAAAAAAAAAAAAAAAAAAAAAAAAAAAAAAAAAAAAAAAAAAAAAAAAAAAAAAAAAAAAAAAAAAAAAAAAAAAAAAAAAAAAAAAAAAAAAAAAAAAAAAAAAAAAAAAAAAAAAAAAAAAAAAAAAAAAAAAAAAAAAAAAAAAAAAAAAAAAAAAAAAAAAAAAAAAAAAAAAAAAAAAAAAAAAAAAAAAAAAAAAAAAAAAAAAAAAAAAAAAAAAAAAAAAAAAAAAAAAAAAAAAAAAAAAAAAAAAAAAAAAAAAAAAAAAAAAAAAAAAAAAAAAAAAAAAAAAAAAAAAAAAAAAAAAAAAAAAAAAAAAAAAAAAAAAAAAAAAAAAAAAAAAAAAAAAAAAAAAAAAAAAAAAAAAAAAAAAAAAAAAAAAAAAAAAAAAAAAAAAAAAAAAAAAAAAAAAAAAAAAAAAAAAAAAAAAAAAEbAAAA+gMAAAAADAANAA4ADwD7AAcAAAD6EgAAAAD7AhgBAAD6ABcAAABIAG8AbwBkAGkAZQAtAEsAYQBsAGsAdQBsAGEAdABpAG8AbgAuAHgAbABzAHgAARQAAABvAGMANgA1AHkAeABoAGMAYgBmAHIAOABfAGIAZQBtAG0AaQBtADEAAhAAAABCAGUAbgBqAGEAbQBpAG4AIABNAGkAcgB3AGEAbABkAAMBAAAAMQAFFAAAADIAMAAyADUALQAwADkALQAzADAAVAAxADAAOgA1ADEAOgAxADkAWgD7AFgAAAD6BgwAAABvAGMANgA1AHkAeABoAGMAYgBmAHIAOAAHBwAAADEAMgAyADcANAA1ADIACQoAAAAzADQANAA0ADMANQA4ADMAMwA1AAsEAAAAMQAwADMAMQD7CgIAAAAAAAAAAQsAAAACBgAAAAAEAAAAAAPmAQAABDAAAAAACgAAAE0AYQByAGcAZQABFgAAAFMAaABlAGUAdAAxACEAJABDACQAMwADAQAAAAAEPgAAAAAYAAAASABvAG4AbwByAGEAcgBCAGEAcwB0AGkAARYAAABTAGgAZQBlAHQAMQAhACQAQwAkADYAAwEAAAAABDIAAAAADAAAAE0AdQBzAHQAZQByAAEWAAAAUwBoAGUAZQB0ADEAIQAkAEMAJAA3AAMBAAAAAAQ2AAAAABAAAABNAHUAcwB0AGUAcgBTAHQAARYAAABTAGgAZQBlAHQAMQAhACQARAAkADcAAwEAAAAABDgAAAAAEgAAAEYAaQB4AGsAbwBzAHQAZQBuAAEWAAAAUwBoAGUAZQB0ADEAIQAkAEMAJAA1AAMBAAAAAAQ4AAAAABIAAABTAG8AbABpAG0AYQByAGcAZQABFgAAAFMAaABlAGUAdAAxACEAJABDACQANAADAQAAAAAEPgAAAAAYAAAATgBvAHIAbQBhAGwAYQBuAHQAZQBpAGwAARYAAABTAGgAZQBlAHQAMQAhACQARAAkADMAAwEAAAAABDoAAAAAFAAAAFMAbwBsAGkAYQBuAHQAZQBpAGwAARYAAABTAGgAZQBlAHQAMQAhACQARAAkADQAAwEAAAAADwAAAAAbAAAAAOQEAAAA3wQAAAEtAAAAAAYMAAAAUwBoAGUAZQB0ADEAAQQBAAAAAgECAwYMAAAARAA4ADoARwAxADIAAl0AAAADHAAAAAABAQIEAgAAAAMEAgAAAAUFAAAAAAABO0AGAQEDGQAAAAIEBQAAAAMEBQAAAAUFAAAAAADYLEAGAQEDGQAAAAIECQAAAAMECAAAAAUFAAAAAADYLEAGAQEWLQAAABcoAAAAFCMAAAAABAAAAEQAOAABBAAAAAAAAAACDAAAAEQAOAA6AEcAMQAyAAsKAAAAAQUAAAAAAIAsQA48AAAAAAXNzMzMzMwxQAEFmpmZmZkZM0ACBc3MzMzMzDFAAwWamZmZmRkzQAQFexSuR+F6HkAFBXsUrkfheh5ADz8AAAABAQkCAQADAQAEBAEAAAAFAQAGAQAIBAEAAAAJBAEAAAAKBFgCAAAAAQELAQAPBGQAAAAQAQARAQESBFgCAAAQBgAAAAABAAEBAAlmAwAAI2EDAABHBwAAkQEAABEHAAAAAAAAAB0BAAAAAAAAAAcOBAAAAAEAAAAAAAAAAAAHDgUAAAABAAAAAQAAAAAABw4GAAAAAQAAAAIAAAAAAAARCAAAAAAAAAAdAQAAAAAAAAAFEgMAAAAAAAAAAAAAAAAASUAAAAkqBAAAAAIAAAAAAAAAgA2dQAAAAAAAAAAAAAAGAAUAAABEADkAKgBDADkACTAFAAAAAwAAAAAAAAAAYkVAAAAAAAAAAAAAAAYACAAAAEMAOQAqAE0AYQByAGcAZQAJOAYAAAADAAAAAAAAAACGQ0AAAAAAAAAAAAAABgAMAAAAQwA5ACoAUwBvAGwAaQBtAGEAcgBnAGUAABEJAAAAAAAAAB0BAAAAAAAAAAUSAwAAAAAAAAAAAAAAAABZQAAACS4EAAAAAgAAADIzMzMz8KlAAAAAAAAAAAAAAAYABwAAAEQAMQAwACoAQwAxADAACTIFAAAAAwAAAM7VVuwvF0NAAAAAAAAAAAAAAAYACQAAAEMAMQAwACoATQBhAHIAZwBlAAk6BgAAAAMAAABCHOviNm5BQAAAAAAAAAAAAAAGAA0AAABDADEAMAAqAFMAbwBsAGkAbQBhAHIAZwBlAAARCgAAAAAAAAAdAQAAAAAAAAAFEgMAAAAEAAAAAAAAAADAYkAAAAkuBAAAAAIAAADNzMzMrNCxQAAAAAAAAAAAAAAGAAcAAABEADEAMQAqAEMAMQAxAAkyBQAAAAMAAABZ9bnaintBQAAAAAAAAAAAAAAGAAkAAABDADEAMQAqAE0AYQByAGcAZQAJOgYAAAADAAAAKcsQx7rsP0AAAAAAAAAAAAAABgANAAAAQwAxADEAKgBTAG8AbABpAG0AYQByAGcAZQAAEQsAAAAAAAAAHQEAAAAAAAAABRIDAAAAAAAAAAAAAAAAAGlAAAAJLgQAAAACAAAAmZmZmRnNtUAAAAAAAAAAAAAABgAHAAAARAAxADIAKgBDADEAMgAJMgUAAAADAAAAUSegibALQEAAAAAAAAAAAAAABgAJAAAAQwAxADIAKgBNAGEAcgBnAGUACToGAAAABQAAAFN0JJf\/TD1AAAAAAAAAAAAAAAYADQAAAEMAMQAyACoAUwBvAGwAaQBtAGEAcgBnAGUAkgEABQAAAAAHAAAAABsAAAAAVgAAAAAhAAAAAxwAAABFAGkAbgBrAGEAdQBmAHMAawBvAHMAdABlAG4AAA8AAAADCgAAAFAAcgBlAGkAcwAAFwAAAAMSAAAAUwBvAGwAaQBwAHIAZQBpAHMA1QMAAAAtAAAAASgAAAAAAwAAAAEBCgEDAAAAAQEKAgMAAAABAQoEAwAAAAEBCgUDAAAAAQEKBGQAAAAFCwAAAAAGAAAAAgEAAAARBQsAAAAABgAAAAIBAAAACAULAAAAAAYAAAACAQAAABEFLwAAAAAqAAAAAgEAAAASAw0AAAACAQkDBc1l5jJzmek\/BA0AAAACAQkDBc1l5jJzmek\/Bi8AAAAHKgAAAAEGAwAAAAIBAQQGDgAAAEMAYQBsAGkAYgByAGkACQEBBgUAAAAAAAAmQA5SAAAAAyQAAAABAQEGBAAAAAACAQEHBAAAAAADAQEIBAAAAAAEAQEJBAAAAAADJAAAAAEBAAYEAAAAAAIBAAcEAgAAAAMBAAgEAAAAAAQBAQkELAAAAALeAAAAAx4AAAAGBAAAAAAHBAAAAAAIBAAAAAAJBAAAAAAMBAAAAAADHgAAAAYEAAAAAAcEAAAAAAgEAAAAAAkEAAAAAAwEAAAAAAMhAAAABgQAAAAABwQAAAAACAQAAAAABAEBCQSkAAAADAQBAAAAAyEAAAAGBAAAAAAHBAAAAAAIBAAAAAAEAQEJBKQAAAAMBAEAAAADHgAAAAYEAAAAAAcEAAAAAAgEAAAAAAkEAAAAAAwEAAAAAAMkAAAABgQAAAAAAgEBBwQDAAAACAQAAAAABAEBCQSkAAAADAQBAAAAD1QAAAAQIwAAAAAEAAAAAAAAAAQMAAAATgBvAHIAbQBhAGwABQQAAAAAAAAAECcAAAAABAAAAAQAAAAEEAAAAEMAdQByAHIAZQBuAGMAeQAFBAAAAAEAAAAMTgAAAAAiAAAAVABhAGIAbABlAFMAdAB5AGwAZQBNAGUAZABpAHUAbQAyAAEiAAAAUABpAHYAbwB0AFMAdAB5AGwAZQBMAGkAZwBoAHQAMQA2ABE3AAAAADIAAAD6ABEAAABTAGwAaQBjAGUAcgBTAHQAeQBsAGUATABpAGcAaAB0ADEA+wAEAAAAAAAAAAirAAAACaYAAAAABpoAAABfAC0AKgAgACMALAAjACMAMAAuADAAMABcACAAWwAkAKwgLQA0ADAANwBdAF8ALQA7AFwALQAqACAAIwAsACMAIwAwAC4AMAAwAFwAIABbACQArCAtADQAMAA3AF0AXwAtADsAXwAtACoAIAAiAC0AIgA\/AD8AXAAgAFsAJACsIC0ANAAwADcAXQBfAC0AOwBfAC0AQABfAC0AAQSkAAAAEy8AAAAAKgAAAFQAaQBtAGUAUwBsAGkAYwBlAHIAUwB0AHkAbABlAEwAaQBnAGgAdAAxAA==\" cellspacing=\"0\" cellpadding=\"0\">\n<tbody>\n<tr>\n<td>Vorbestellungen<\/td>\n<td>Preis<\/td>\n<\/tr>\n<tr>\n<td>100 oder mehr<\/td>\n<td>47,88 \u20ac<\/td>\n<\/tr>\n<tr>\n<td>150 oder mehr<\/td>\n<td>41,51 \u20ac<\/td>\n<\/tr>\n<tr>\n<td>200 oder mehr<\/td>\n<td>37,03 \u20ac<\/td>\n<\/tr>\n<\/tbody>\n<\/table>\n<p>&nbsp;<\/p>\n","protected":false},"excerpt":{"rendered":"<p>&#x2b06;&#xfe0f; Preis <strong>kann bis auf 37,03 \u20ac sinken<\/strong>: je mehr Vorbestellungen, desto g\u00fcnstiger wird es &#8211; siehe unten.<\/p>\n<p>Kapuzen-Pullover Russell Z265<\/p>\n<p>100% Baumwolle,\u00a0280 g\/m\u00b2<\/p>\n<p>ALL BLACK,\u00a0Klassischer Retro Schnitt,\u00a0Gr\u00f6\u00dfen: XS \/ S \/ M \/ L \/ XL \/ XXL (bei Bedarf f\u00fcr 3XL+ bitte anfragen!)<\/p>\n<p>Front-, R\u00fccken- &amp; Arm-Print einfarbig ROT (Siebdruck)<\/p>\n<ul>\n<li>Front-Print, links:\u00a0Falken Logo<\/li>\n<li>R\u00fccken-Print:\u00a0Zeltlager Illustration<\/li>\n<li>Arm-Print, links:\u00a0Freundschaft, SJD \u2013 Die Falken<\/li>\n<\/ul>\n<p>So geht&#8217;s (Details unten):<\/p>\n<ol>\n<li>Gr\u00f6\u00dfe w\u00e4hlen,\u00a0Vorbestellung aufgeben<\/li>\n<li>Im Januar 2026 Rechnung erhalten, bezahlen<\/li>\n<li>und bis M\u00e4rz Hoodie bekommen.<\/li>\n<\/ol>\n","protected":false},"featured_media":1546,"template":"","meta":{"_crdt_document":""},"product_brand":[183],"product_cat":[182],"product_tag":[],"class_list":{"0":"post-1453","1":"product","2":"type-product","3":"status-publish","4":"has-post-thumbnail","6":"product_brand-russell","7":"product_cat-kleidung","9":"first","10":"onbackorder","11":"shipping-taxable","12":"purchasable","13":"product-type-variable"},"_links":{"self":[{"href":"https:\/\/www.falken-muenchen.de\/index.php\/wp-json\/wp\/v2\/product\/1453","targetHints":{"allow":["GET"]}}],"collection":[{"href":"https:\/\/www.falken-muenchen.de\/index.php\/wp-json\/wp\/v2\/product"}],"about":[{"href":"https:\/\/www.falken-muenchen.de\/index.php\/wp-json\/wp\/v2\/types\/product"}],"wp:featuredmedia":[{"embeddable":true,"href":"https:\/\/www.falken-muenchen.de\/index.php\/wp-json\/wp\/v2\/media\/1546"}],"wp:attachment":[{"href":"https:\/\/www.falken-muenchen.de\/index.php\/wp-json\/wp\/v2\/media?parent=1453"}],"wp:term":[{"taxonomy":"product_brand","embeddable":true,"href":"https:\/\/www.falken-muenchen.de\/index.php\/wp-json\/wp\/v2\/product_brand?post=1453"},{"taxonomy":"product_cat","embeddable":true,"href":"https:\/\/www.falken-muenchen.de\/index.php\/wp-json\/wp\/v2\/product_cat?post=1453"},{"taxonomy":"product_tag","embeddable":true,"href":"https:\/\/www.falken-muenchen.de\/index.php\/wp-json\/wp\/v2\/product_tag?post=1453"}],"curies":[{"name":"wp","href":"https:\/\/api.w.org\/{rel}","templated":true}]}}