{"id":945,"date":"2023-06-28T09:18:47","date_gmt":"2023-06-28T08:18:47","guid":{"rendered":"https:\/\/www.falken-muenchen.de\/index.php\/newsletter\/"},"modified":"2024-05-05T09:51:13","modified_gmt":"2024-05-05T08:51:13","slug":"newsletter","status":"publish","type":"page","link":"https:\/\/www.falken-muenchen.de\/index.php\/newsletter\/","title":{"rendered":"&#x1f4e8; Newsletter"},"content":{"rendered":"\n<p class=\"wp-block-paragraph\">Mit dem Newsletter der Falken M\u00fcnchen bleibst Du immer auf dem Laufenden und erh\u00e4ltst alle wichtigen Infos und Termine per E-Mail. Deine Daten verarbeiten wir gem\u00e4\u00df unserer\u00a0<a href=\"https:\/\/www.falken-muenchen.de\/index.php\/impressum\/\">Datenschutzerkl\u00e4rung<\/a>.<\/p>\n\n\n<div class=\"tnp tnp-subscription \">\n<form method=\"post\" action=\"https:\/\/www.falken-muenchen.de\/wp-admin\/admin-ajax.php?action=tnp&amp;na=s\">\n<input type=\"hidden\" name=\"nlang\" value=\"\">\n<div class=\"tnp-field tnp-field-firstname\"><label for=\"tnp-1\">Vorname<\/label>\n<input class=\"tnp-name\" type=\"text\" name=\"nn\" id=\"tnp-1\" value=\"\" placeholder=\"\"><\/div>\n<div class=\"tnp-field tnp-field-surname\"><label for=\"tnp-2\">Nachname<\/label>\n<input class=\"tnp-surname\" type=\"text\" name=\"ns\" id=\"tnp-2\" value=\"\" placeholder=\"\"><\/div><div class=\"tnp-field tnp-field-email\"><label for=\"tnp-3\">E-Mail-Adresse<\/label>\n<input class=\"tnp-email\" type=\"email\" name=\"ne\" id=\"tnp-3\" value=\"\" placeholder=\"\" required><\/div>\n<div class=\"tnp-field tnp-field-profile\"><label for=\"tnp-4\">Falken-Mitglied<\/label>\n<select class=\"tnp-profile tnp-profile-1\" id=\"tnp-profile_1\" name=\"np1\" required><option>Nein<\/option><option>Ja<\/option><\/select>\n<\/div>\n<div class=\"tnp-field tnp-lists\"><div class=\"tnp-field tnp-field-checkbox tnp-field-list\"><label for=\"nl6\"><input type=\"checkbox\" id=\"nl6\" name=\"nl[]\" value=\"1\" checked> Newsletter Falken M\u00fcnchen<\/label><\/div>\n<\/div><div class=\"tnp-field tnp-privacy-field\"><label><input type=\"checkbox\" name=\"ny\" required class=\"tnp-privacy\"> <a target=\"_blank\" href=\"https:\/\/www.falken-muenchen.de\/index.php\/impressum\/\">Hiermit akzeptiere ich die Datenschutzbestimmungen<\/a><\/label><\/div><div class=\"tnp-field tnp-field-button\" style=\"text-align: left\"><input class=\"tnp-submit\" type=\"submit\" value=\"Abonnieren\" style=\"\">\n<\/div>\n<\/form>\n<\/div>\n","protected":false},"excerpt":{"rendered":"<p>Mit dem Newsletter der Falken M\u00fcnchen bleibst Du immer auf dem Laufenden und erh\u00e4ltst alle wichtigen Infos und Termine per E-Mail. Deine Daten verarbeiten wir gem\u00e4\u00df unserer\u00a0Datenschutzerkl\u00e4rung.<\/p>\n","protected":false},"author":1,"featured_media":0,"parent":0,"menu_order":0,"comment_status":"closed","ping_status":"closed","template":"","meta":{"_crdt_document":"","footnotes":""},"class_list":["post-945","page","type-page","status-publish","hentry"],"_links":{"self":[{"href":"https:\/\/www.falken-muenchen.de\/index.php\/wp-json\/wp\/v2\/pages\/945","targetHints":{"allow":["GET"]}}],"collection":[{"href":"https:\/\/www.falken-muenchen.de\/index.php\/wp-json\/wp\/v2\/pages"}],"about":[{"href":"https:\/\/www.falken-muenchen.de\/index.php\/wp-json\/wp\/v2\/types\/page"}],"author":[{"embeddable":true,"href":"https:\/\/www.falken-muenchen.de\/index.php\/wp-json\/wp\/v2\/users\/1"}],"replies":[{"embeddable":true,"href":"https:\/\/www.falken-muenchen.de\/index.php\/wp-json\/wp\/v2\/comments?post=945"}],"version-history":[{"count":3,"href":"https:\/\/www.falken-muenchen.de\/index.php\/wp-json\/wp\/v2\/pages\/945\/revisions"}],"predecessor-version":[{"id":1166,"href":"https:\/\/www.falken-muenchen.de\/index.php\/wp-json\/wp\/v2\/pages\/945\/revisions\/1166"}],"wp:attachment":[{"href":"https:\/\/www.falken-muenchen.de\/index.php\/wp-json\/wp\/v2\/media?parent=945"}],"curies":[{"name":"wp","href":"https:\/\/api.w.org\/{rel}","templated":true}]}}