{"id":7,"date":"2015-04-27T11:49:40","date_gmt":"2015-04-27T11:49:40","guid":{"rendered":"http:\/\/neueseite.falken-muenchen.de\/?page_id=7"},"modified":"2024-05-05T10:00:56","modified_gmt":"2024-05-05T09:00:56","slug":"willkommen","status":"publish","type":"page","link":"https:\/\/www.falken-muenchen.de\/index.php\/willkommen\/","title":{"rendered":"&#x1f44b; Willkommen"},"content":{"rendered":"<p><a href=\"http:\/\/neueseite.falken-muenchen.de\/wp-content\/uploads\/2015\/04\/kinderrechte-aktionstag_ausschnitt.jpg\"><img loading=\"lazy\" decoding=\"async\" class=\" size-full wp-image-61 alignleft\" src=\"http:\/\/neueseite.falken-muenchen.de\/wp-content\/uploads\/2015\/04\/kinderrechte-aktionstag_ausschnitt.jpg\" alt=\"kinderrechte aktionstag_ausschnitt\" width=\"908\" height=\"230\" srcset=\"https:\/\/www.falken-muenchen.de\/wp-content\/uploads\/2015\/04\/kinderrechte-aktionstag_ausschnitt.jpg 908w, https:\/\/www.falken-muenchen.de\/wp-content\/uploads\/2015\/04\/kinderrechte-aktionstag_ausschnitt-600x152.jpg 600w, https:\/\/www.falken-muenchen.de\/wp-content\/uploads\/2015\/04\/kinderrechte-aktionstag_ausschnitt-300x76.jpg 300w, https:\/\/www.falken-muenchen.de\/wp-content\/uploads\/2015\/04\/kinderrechte-aktionstag_ausschnitt-685x174.jpg 685w\" sizes=\"auto, (max-width: 908px) 100vw, 908px\" \/><\/a>Herzlich Willkommen auf der Homepage der Sozialistischen Jugend Deutschlands<br \/>\nDie Falken &#8211; Kreisverband M\u00fcnchen.<\/p>\n<p><strong>Hier sind wir &#8211; ein Kinder- und Jugendverband aus der Arbeiterbewegung, der allen interessierten Kindern, Jugendlichen und Erwachsenen seine Vorstellungen und Aktivit\u00e4ten pr\u00e4sentiert.<\/strong><\/p>\n<p><a href=\"http:\/\/neueseite.falken-muenchen.de\/wp-content\/uploads\/2015\/04\/fahne1.jpg\"><img loading=\"lazy\" decoding=\"async\" class=\" size-medium wp-image-6 alignright\" src=\"http:\/\/neueseite.falken-muenchen.de\/wp-content\/uploads\/2015\/04\/fahne1-182x300.jpg\" alt=\"fahne1\" width=\"182\" height=\"300\" srcset=\"https:\/\/www.falken-muenchen.de\/wp-content\/uploads\/2015\/04\/fahne1-182x300.jpg 182w, https:\/\/www.falken-muenchen.de\/wp-content\/uploads\/2015\/04\/fahne1.jpg 190w\" sizes=\"auto, (max-width: 182px) 100vw, 182px\" \/><\/a>Du erf\u00e4hrst hier, was wir in der letzten Zeit gemacht haben und welche Aktivit\u00e4ten als n\u00e4chstes anstehen.<\/p>\n<p>Du kannst dich informieren, welche Vorstellungen wir haben oder was wir in unserer 100j\u00e4hrigen Geschichte alles erlebt haben.<\/p>\n<p>Wir bieten Spiele zur Unterhaltung an und du findest unsere Adressen und viele interessante Links f\u00fcr Kinder und Jugendliche.<\/p>\n<p>Au\u00dferdem kannst du dich zu unseren Jugend-Camps nun direkt auf der Homepage anmelden.<\/p>\n<p>Wir laden dich ein, unseren Verband zu entdecken!<\/p>\n<p><strong>Viel Spa\u00df bei uns!<\/strong><\/p>\n","protected":false},"excerpt":{"rendered":"<p>Herzlich Willkommen auf der Homepage der Sozialistischen Jugend Deutschlands Die Falken &#8211; Kreisverband M\u00fcnchen. Hier sind wir &#8211; ein Kinder- und Jugendverband aus der Arbeiterbewegung, der allen interessierten Kindern, Jugendlichen und Erwachsenen seine Vorstellungen und Aktivit\u00e4ten pr\u00e4sentiert. Du erf\u00e4hrst hier, was wir in der letzten Zeit gemacht haben und welche Aktivit\u00e4ten als n\u00e4chstes anstehen. Du kannst dich informieren, welche Vorstellungen wir haben oder was wir &hellip; <a href=\"https:\/\/www.falken-muenchen.de\/index.php\/willkommen\/\" class=\"more-link\">Continue reading <span class=\"screen-reader-text\">&#x1f44b; Willkommen<\/span> <span class=\"meta-nav\">&raquo;<\/span><\/a><\/p>\n","protected":false},"author":1,"featured_media":0,"parent":0,"menu_order":0,"comment_status":"closed","ping_status":"closed","template":"","meta":{"_crdt_document":"","footnotes":""},"class_list":["post-7","page","type-page","status-publish","hentry"],"_links":{"self":[{"href":"https:\/\/www.falken-muenchen.de\/index.php\/wp-json\/wp\/v2\/pages\/7","targetHints":{"allow":["GET"]}}],"collection":[{"href":"https:\/\/www.falken-muenchen.de\/index.php\/wp-json\/wp\/v2\/pages"}],"about":[{"href":"https:\/\/www.falken-muenchen.de\/index.php\/wp-json\/wp\/v2\/types\/page"}],"author":[{"embeddable":true,"href":"https:\/\/www.falken-muenchen.de\/index.php\/wp-json\/wp\/v2\/users\/1"}],"replies":[{"embeddable":true,"href":"https:\/\/www.falken-muenchen.de\/index.php\/wp-json\/wp\/v2\/comments?post=7"}],"version-history":[{"count":7,"href":"https:\/\/www.falken-muenchen.de\/index.php\/wp-json\/wp\/v2\/pages\/7\/revisions"}],"predecessor-version":[{"id":1179,"href":"https:\/\/www.falken-muenchen.de\/index.php\/wp-json\/wp\/v2\/pages\/7\/revisions\/1179"}],"wp:attachment":[{"href":"https:\/\/www.falken-muenchen.de\/index.php\/wp-json\/wp\/v2\/media?parent=7"}],"curies":[{"name":"wp","href":"https:\/\/api.w.org\/{rel}","templated":true}]}}