{"id":55,"date":"2015-04-28T09:12:32","date_gmt":"2015-04-28T09:12:32","guid":{"rendered":"http:\/\/neueseite.falken-muenchen.de\/?page_id=55"},"modified":"2024-05-05T09:50:59","modified_gmt":"2024-05-05T08:50:59","slug":"kontakt","status":"publish","type":"page","link":"https:\/\/www.falken-muenchen.de\/index.php\/kontakt\/","title":{"rendered":"&#x1f4f3; Kontakt"},"content":{"rendered":"<p>Hier kannst du zu uns Kontakt aufnehmen.<\/p>\n<p>SJD &#8211; Die Falken M\u00fcnchen<br \/>\nOttobrunner Str. 10<br \/>\n81737 M\u00fcnchen<br \/>\nBayern<br \/>\nDeutschland<\/p>\n<p>Telefon 089\/68070051<br \/>\nFax 089\/60070053<\/p>\n<p>E-Mail <a href=\"mailto:info@falken-muenchen.de\">info@falken-muenchen.de<\/a><br \/>\nWebsite <a href=\"http:\/\/www.falken-muenchen.de\">http:\/\/www.falken-muenchen.de<\/a><\/p>\n<p><a href=\"https:\/\/www.facebook.com\/SJD-Die-Falken-Bezirk-S%C3%BCdbayern-288006377957914\/\">Facebook-Seite des Bezirksverbands<\/a><br \/>\nDie Facebook-Seite des Kreisverbands ist leider nicht aktuell: <a href=\"http:\/\/www.facebook.com\/\/pages\/SJD-Die-Falken-Kreisverband-M%C3%BCnchen\/189636584427739\" target=\"_blank\" rel=\"noopener\">\/pages\/SJD-Die-Falken-Kreisverband-M%C3%BCnchen\/189636584427739<\/a><\/p>\n<p>M\u00f6chtest Du Mitglied werden? Dann kannst Du gern folgendes Formular ausf\u00fcllen:<\/p>\n\n<div class=\"wpcf7 no-js\" id=\"wpcf7-f80-o1\" lang=\"de-DE\" dir=\"ltr\" data-wpcf7-id=\"80\">\n<div class=\"screen-reader-response\"><p role=\"status\" aria-live=\"polite\" aria-atomic=\"true\"><\/p> <ul><\/ul><\/div>\n<form action=\"\/index.php\/wp-json\/wp\/v2\/pages\/55#wpcf7-f80-o1\" method=\"post\" class=\"wpcf7-form init\" aria-label=\"Kontaktformular\" novalidate=\"novalidate\" data-status=\"init\">\n<fieldset class=\"hidden-fields-container\"><input type=\"hidden\" name=\"_wpcf7\" value=\"80\" \/><input type=\"hidden\" name=\"_wpcf7_version\" value=\"6.1.5\" \/><input type=\"hidden\" name=\"_wpcf7_locale\" value=\"de_DE\" \/><input type=\"hidden\" name=\"_wpcf7_unit_tag\" value=\"wpcf7-f80-o1\" \/><input type=\"hidden\" name=\"_wpcf7_container_post\" value=\"0\" \/><input type=\"hidden\" name=\"_wpcf7_posted_data_hash\" value=\"\" \/>\n<\/fieldset>\n<p>* bitte unbedingt ausf\u00fcllen\n<\/p>\n<p>Name *\n<\/p>\n<p><span class=\"wpcf7-form-control-wrap\" data-name=\"text-name\"><input size=\"40\" maxlength=\"400\" class=\"wpcf7-form-control wpcf7-text wpcf7-validates-as-required\" aria-required=\"true\" aria-invalid=\"false\" value=\"\" type=\"text\" name=\"text-name\" \/><\/span>\n<\/p>\n<table>\n\t<tr>\n\t\t<td>\n\t\t\t<p>Stra\u00dfe*\n\t\t\t<\/p>\n\t\t<\/td>\n\t\t<td>\n\t\t\t<p>Hausnummer*\n\t\t\t<\/p>\n\t\t<\/td>\n\t<\/tr>\n\t<tr>\n\t\t<td>\n\t\t\t<p><span class=\"wpcf7-form-control-wrap\" data-name=\"str\"><input size=\"50\" maxlength=\"400\" class=\"wpcf7-form-control wpcf7-text wpcf7-validates-as-required\" aria-required=\"true\" aria-invalid=\"false\" value=\"\" type=\"text\" name=\"str\" \/><\/span>\n\t\t\t<\/p>\n\t\t<\/td>\n\t\t<td>\n\t\t\t<p><span class=\"wpcf7-form-control-wrap\" data-name=\"hausnr\"><input size=\"40\" maxlength=\"400\" class=\"wpcf7-form-control wpcf7-text\" aria-invalid=\"false\" value=\"\" type=\"text\" name=\"hausnr\" \/><\/span>\n\t\t\t<\/p>\n\t\t<\/td>\n\t<\/tr>\n<\/table>\n<table>\n\t<tr>\n\t\t<td>\n\t\t\t<p>Postleitzahl*\n\t\t\t<\/p>\n\t\t<\/td>\n\t\t<td>\n\t\t\t<p>Ort*\n\t\t\t<\/p>\n\t\t<\/td>\n\t<\/tr>\n\t<tr>\n\t\t<td>\n\t\t\t<p><span class=\"wpcf7-form-control-wrap\" data-name=\"PLZ\"><input size=\"40\" maxlength=\"400\" class=\"wpcf7-form-control wpcf7-text wpcf7-validates-as-required\" aria-required=\"true\" aria-invalid=\"false\" value=\"\" type=\"text\" name=\"PLZ\" \/><\/span>\n\t\t\t<\/p>\n\t\t<\/td>\n\t\t<td>\n\t\t\t<p><span class=\"wpcf7-form-control-wrap\" data-name=\"city\"><input size=\"40\" maxlength=\"400\" class=\"wpcf7-form-control wpcf7-text wpcf7-validates-as-required\" aria-required=\"true\" aria-invalid=\"false\" value=\"\" type=\"text\" name=\"city\" \/><\/span>\n\t\t\t<\/p>\n\t\t<\/td>\n\t<\/tr>\n<\/table>\n<table>\n\t<tr>\n\t\t<td>\n\t\t\t<p>Telefonnummer*\n\t\t\t<\/p>\n\t\t<\/td>\n\t\t<td>\n\t\t\t<p>Mobil\n\t\t\t<\/p>\n\t\t<\/td>\n\t<\/tr>\n\t<tr>\n\t\t<td>\n\t\t\t<p><span class=\"wpcf7-form-control-wrap\" data-name=\"telephone\"><input size=\"40\" maxlength=\"400\" class=\"wpcf7-form-control wpcf7-tel wpcf7-validates-as-required wpcf7-text wpcf7-validates-as-tel\" aria-required=\"true\" aria-invalid=\"false\" value=\"\" type=\"tel\" name=\"telephone\" \/><\/span>\n\t\t\t<\/p>\n\t\t<\/td>\n\t\t<td>\n\t\t\t<p><span class=\"wpcf7-form-control-wrap\" data-name=\"mobile\"><input size=\"40\" maxlength=\"400\" class=\"wpcf7-form-control wpcf7-tel wpcf7-text wpcf7-validates-as-tel\" aria-invalid=\"false\" value=\"\" type=\"tel\" name=\"mobile\" \/><\/span>\n\t\t\t<\/p>\n\t\t<\/td>\n\t<\/tr>\n<\/table>\n<p>E-Mail-Adresse *\n<\/p>\n<p><span class=\"wpcf7-form-control-wrap\" data-name=\"your-email\"><input size=\"40\" maxlength=\"400\" class=\"wpcf7-form-control wpcf7-email wpcf7-validates-as-required wpcf7-text wpcf7-validates-as-email\" aria-required=\"true\" aria-invalid=\"false\" value=\"\" type=\"email\" name=\"your-email\" \/><\/span>\n<\/p>\n<p>Geburtsdatum *\n<\/p>\n<p><span class=\"wpcf7-form-control-wrap\" data-name=\"birthday\"><input class=\"wpcf7-form-control wpcf7-date wpcf7-validates-as-required wpcf7-validates-as-date\" aria-required=\"true\" aria-invalid=\"false\" placeholder=\"01.01.2000\" value=\"\" type=\"date\" name=\"birthday\" \/><\/span>\n<\/p>\n<p>Mitgliedsbeitrag*\n<\/p>\n<p><span class=\"wpcf7-form-control-wrap\" data-name=\"beitrag\"><span class=\"wpcf7-form-control wpcf7-radio\"><span class=\"wpcf7-list-item first\"><input type=\"radio\" name=\"beitrag\" value=\"Kinder bis 16 Jahre: erm\u00e4\u00dfigt 14,00 \u20ac\" checked=\"checked\" \/><span class=\"wpcf7-list-item-label\">Kinder bis 16 Jahre: erm\u00e4\u00dfigt 14,00 \u20ac<\/span><\/span><span class=\"wpcf7-list-item\"><input type=\"radio\" name=\"beitrag\" value=\"regul\u00e4r 21,50 \u20ac\" \/><span class=\"wpcf7-list-item-label\">regul\u00e4r 21,50 \u20ac<\/span><\/span><span class=\"wpcf7-list-item\"><input type=\"radio\" name=\"beitrag\" value=\"Mindestbeitrag ab 16 Jahren (auch Sch\u00fcler*innen, Auszubildende, Studierende, Bezieher*innen von Transferleistungen): erm\u00e4\u00dfigt 33,50 \u20ac\" \/><span class=\"wpcf7-list-item-label\">Mindestbeitrag ab 16 Jahren (auch Sch\u00fcler*innen, Auszubildende, Studierende, Bezieher*innen von Transferleistungen): erm\u00e4\u00dfigt 33,50 \u20ac<\/span><\/span><span class=\"wpcf7-list-item\"><input type=\"radio\" name=\"beitrag\" value=\"regul\u00e4r 53 \u20ac\" \/><span class=\"wpcf7-list-item-label\">regul\u00e4r 53 \u20ac<\/span><\/span><span class=\"wpcf7-list-item\"><input type=\"radio\" name=\"beitrag\" value=\"Teilverdiener*innen: 66,00 \u20ac\" \/><span class=\"wpcf7-list-item-label\">Teilverdiener*innen: 66,00 \u20ac<\/span><\/span><span class=\"wpcf7-list-item last\"><input type=\"radio\" name=\"beitrag\" value=\"Vollverdiener*innen: 131,00 \u20ac\" \/><span class=\"wpcf7-list-item-label\">Vollverdiener*innen: 131,00 \u20ac<\/span><\/span><\/span><\/span>\n<\/p>\n<p>Deine Nachricht\n<\/p>\n<p><span class=\"wpcf7-form-control-wrap\" data-name=\"message\"><textarea cols=\"40\" rows=\"10\" maxlength=\"2000\" class=\"wpcf7-form-control wpcf7-textarea\" aria-invalid=\"false\" name=\"message\"><\/textarea><\/span>\n<\/p>\n<p>Bitte gib die Zeichen des untenstehenden Bildes in das Feld ein.\n<\/p>\n<p><input type=\"hidden\" name=\"_wpcf7_captcha_challenge_captcha-60\" value=\"1397730938\" \/><img loading=\"lazy\" decoding=\"async\" class=\"wpcf7-form-control wpcf7-captchac wpcf7-captcha-captcha-60\" width=\"72\" height=\"24\" alt=\"captcha\" src=\"https:\/\/www.falken-muenchen.de\/wp-content\/uploads\/wpcf7_captcha\/1397730938.png\" \/><span class=\"wpcf7-form-control-wrap\" data-name=\"captcha-60\"><input size=\"40\" class=\"wpcf7-form-control wpcf7-captchar\" autocomplete=\"off\" aria-invalid=\"false\" value=\"\" type=\"text\" name=\"captcha-60\" \/><\/span>\n<\/p>\n<p><span class=\"wpcf7-form-control-wrap\" data-name=\"Datenschutz-Anerkennung\"><span class=\"wpcf7-form-control wpcf7-acceptance\"><span class=\"wpcf7-list-item\"><label><input type=\"checkbox\" name=\"Datenschutz-Anerkennung\" value=\"1\" aria-invalid=\"false\" \/><span class=\"wpcf7-list-item-label\">Ich habe zur Kenntnis genommen, dass wir Deine Daten gem\u00e4\u00df unserer <a href=\"https:\/\/www.falken-muenchen.de\/index.php\/impressum\/\">Datenschutzerkl\u00e4rung<\/a> verarbeiten.<\/span><\/label><\/span><\/span><\/span>\n<\/p>\n<p><input class=\"wpcf7-form-control wpcf7-submit has-spinner\" type=\"submit\" value=\"Senden\" \/>\n<\/p><p style=\"display: none !important;\" class=\"akismet-fields-container\" data-prefix=\"_wpcf7_ak_\"><label>&#916;<textarea name=\"_wpcf7_ak_hp_textarea\" cols=\"45\" rows=\"8\" maxlength=\"100\"><\/textarea><\/label><input type=\"hidden\" id=\"ak_js_1\" name=\"_wpcf7_ak_js\" value=\"229\"\/><script type=\"text\/javascript\">\n\/* <![CDATA[ *\/\ndocument.getElementById( \"ak_js_1\" ).setAttribute( \"value\", ( new Date() ).getTime() );\n\/* ]]> *\/\n<\/script>\n<\/p><div class=\"wpcf7-response-output\" aria-hidden=\"true\"><\/div>\n<\/form>\n<\/div>\n\n","protected":false},"excerpt":{"rendered":"<p>Hier kannst du zu uns Kontakt aufnehmen. SJD &#8211; Die Falken M\u00fcnchen Ottobrunner Str. 10 81737 M\u00fcnchen Bayern Deutschland Telefon 089\/68070051 Fax 089\/60070053 E-Mail info@falken-muenchen.de Website http:\/\/www.falken-muenchen.de Facebook-Seite des Bezirksverbands Die Facebook-Seite des Kreisverbands ist leider nicht aktuell: \/pages\/SJD-Die-Falken-Kreisverband-M%C3%BCnchen\/189636584427739 M\u00f6chtest Du Mitglied werden? Dann kannst Du gern folgendes Formular ausf\u00fcllen:<\/p>\n","protected":false},"author":1,"featured_media":0,"parent":0,"menu_order":0,"comment_status":"closed","ping_status":"closed","template":"","meta":{"_crdt_document":"","footnotes":""},"class_list":["post-55","page","type-page","status-publish","hentry"],"_links":{"self":[{"href":"https:\/\/www.falken-muenchen.de\/index.php\/wp-json\/wp\/v2\/pages\/55","targetHints":{"allow":["GET"]}}],"collection":[{"href":"https:\/\/www.falken-muenchen.de\/index.php\/wp-json\/wp\/v2\/pages"}],"about":[{"href":"https:\/\/www.falken-muenchen.de\/index.php\/wp-json\/wp\/v2\/types\/page"}],"author":[{"embeddable":true,"href":"https:\/\/www.falken-muenchen.de\/index.php\/wp-json\/wp\/v2\/users\/1"}],"replies":[{"embeddable":true,"href":"https:\/\/www.falken-muenchen.de\/index.php\/wp-json\/wp\/v2\/comments?post=55"}],"version-history":[{"count":8,"href":"https:\/\/www.falken-muenchen.de\/index.php\/wp-json\/wp\/v2\/pages\/55\/revisions"}],"predecessor-version":[{"id":1165,"href":"https:\/\/www.falken-muenchen.de\/index.php\/wp-json\/wp\/v2\/pages\/55\/revisions\/1165"}],"wp:attachment":[{"href":"https:\/\/www.falken-muenchen.de\/index.php\/wp-json\/wp\/v2\/media?parent=55"}],"curies":[{"name":"wp","href":"https:\/\/api.w.org\/{rel}","templated":true}]}}