{"id":487,"date":"2018-05-01T11:39:41","date_gmt":"2018-05-01T11:39:41","guid":{"rendered":"http:\/\/www.falken-muenchen.de\/?page_id=487"},"modified":"2024-05-05T09:54:46","modified_gmt":"2024-05-05T08:54:46","slug":"kindergruppe","status":"publish","type":"page","link":"https:\/\/www.falken-muenchen.de\/index.php\/angebote\/kindergruppe\/","title":{"rendered":"&#x1f467;&#x1f466; Kindergruppe"},"content":{"rendered":"<p>Hast du Lust auf Ausfl\u00fcge, gemeinsames Spielen, Basteln und Kochen?<\/p>\n<p>Quatscht du gern mit Freunden \u00fcber eure Hobbies? Willst du gern was besser machen, vielleicht in deiner Schule oder in deinem Stadtteil?<\/p>\n<p>All das ist m\u00f6glich in unseren Gruppenstunden! Wir freuen uns, wenn du vorbeischaust!<\/p>\n<ul>\n<li>F\u00fcr alle von ungef\u00e4hr 6 bis 13 Jahren<\/li>\n<li>Jeden zweiten Freitag, 16:30-18:00 Uhr<\/li>\n<li>Im Utopia, Ottobrunner Stra\u00dfe 10 (Ramersdorf)<\/li>\n<\/ul>\n<p>Meld dich einfach kurz bei Laura-Marie (<a href=\"mailto:info@falken-muenchen.de\">info@falken-muenchen.de<\/a>) vor deinem ersten Besuch!<\/p>\n","protected":false},"excerpt":{"rendered":"<p>Hast du Lust auf Ausfl\u00fcge, gemeinsames Spielen, Basteln und Kochen? Quatscht du gern mit Freunden \u00fcber eure Hobbies? Willst du gern was besser machen, vielleicht in deiner Schule oder in deinem Stadtteil? All das ist m\u00f6glich in unseren Gruppenstunden! Wir freuen uns, wenn du vorbeischaust! F\u00fcr alle von ungef\u00e4hr 6 bis 13 Jahren Jeden zweiten Freitag, 16:30-18:00 Uhr Im Utopia, Ottobrunner Stra\u00dfe 10 (Ramersdorf) Meld &hellip; <a href=\"https:\/\/www.falken-muenchen.de\/index.php\/angebote\/kindergruppe\/\" class=\"more-link\">Continue reading <span class=\"screen-reader-text\">&#x1f467;&#x1f466; Kindergruppe<\/span> <span class=\"meta-nav\">&raquo;<\/span><\/a><\/p>\n","protected":false},"author":1,"featured_media":0,"parent":33,"menu_order":0,"comment_status":"closed","ping_status":"closed","template":"","meta":{"_crdt_document":"","footnotes":""},"class_list":["post-487","page","type-page","status-publish","hentry"],"_links":{"self":[{"href":"https:\/\/www.falken-muenchen.de\/index.php\/wp-json\/wp\/v2\/pages\/487","targetHints":{"allow":["GET"]}}],"collection":[{"href":"https:\/\/www.falken-muenchen.de\/index.php\/wp-json\/wp\/v2\/pages"}],"about":[{"href":"https:\/\/www.falken-muenchen.de\/index.php\/wp-json\/wp\/v2\/types\/page"}],"author":[{"embeddable":true,"href":"https:\/\/www.falken-muenchen.de\/index.php\/wp-json\/wp\/v2\/users\/1"}],"replies":[{"embeddable":true,"href":"https:\/\/www.falken-muenchen.de\/index.php\/wp-json\/wp\/v2\/comments?post=487"}],"version-history":[{"count":3,"href":"https:\/\/www.falken-muenchen.de\/index.php\/wp-json\/wp\/v2\/pages\/487\/revisions"}],"predecessor-version":[{"id":1171,"href":"https:\/\/www.falken-muenchen.de\/index.php\/wp-json\/wp\/v2\/pages\/487\/revisions\/1171"}],"up":[{"embeddable":true,"href":"https:\/\/www.falken-muenchen.de\/index.php\/wp-json\/wp\/v2\/pages\/33"}],"wp:attachment":[{"href":"https:\/\/www.falken-muenchen.de\/index.php\/wp-json\/wp\/v2\/media?parent=487"}],"curies":[{"name":"wp","href":"https:\/\/api.w.org\/{rel}","templated":true}]}}