{"id":42,"date":"2015-04-27T13:33:59","date_gmt":"2015-04-27T13:33:59","guid":{"rendered":"http:\/\/neueseite.falken-muenchen.de\/?page_id=42"},"modified":"2024-05-05T09:53:25","modified_gmt":"2024-05-05T08:53:25","slug":"helferausbildung","status":"publish","type":"page","link":"https:\/\/www.falken-muenchen.de\/index.php\/angebote\/helferausbildung\/","title":{"rendered":"&#x1f4da; Helfer:innnenausbildung"},"content":{"rendered":"<h3>Ausbildung zur Falkenhelferin \/ zum Falkenhelfer<\/h3>\n<p>Du m\u00f6chtest etwas sinnvolles mit Kindern oder Jugendlichen tun? Du interessierst dich f\u00fcr Politik und P\u00e4dagogik? Du bist mindestens 14 Jahre alt und offen f\u00fcr Neues? Dann bieten wir die etwas Besonderes!<\/p>\n<p>Du kannst bei uns lernen und erleben, Kinder und Jugendliche zu betreuen, zu f\u00f6rdern und sie auf ihrem Weg zu unterst\u00fctzen, ihre Interessen in die Gesellschaft einzubringen und sie mitzugestalten.<\/p>\n<p>Unsere Grundausbildung kann in ein bis zwei Jahren absolviert werden und verbindet viel praktische Erfahrung mit theoretischer Auseinandersetzung. Damit erwirbst du die Lizenz um Gruppen zu begleiten und kannst dir die JugendleiterInnencard ausstellen lassen.<\/p>\n<p>Wir Falken lernen von- und miteineinander und weil man nie mit dem Lernen fertig ist, ist es wichtig, nach der Grundausbildung weitere Fortbildungsangebote zu besuchen.<\/p>\n<h4>Unsere Ausbildungsangebote:<\/h4>\n<p>Wir bieten dir zwei grundlegende Ausbildungsseminare an. Diese sind unser <strong>Durchblickseminar<\/strong> und unsere <strong>Grundlagenschulung<\/strong>. Dort kannst du an praktischen Beispielen viel Verschiedenes \u00fcber die P\u00e4dagogik lernen, ebenso \u00fcber verschiedene Umsetzungsm\u00f6glichkeiten und dich auch in unterschiedlichen Themen weiterbilden.<\/p>\n<p>Dabei steht dir ein\/e erfahrene HelferIn immer beratend zur Seite.<\/p>\n<p>F\u00fcr weitere Informationen zu unserem Ausbildungskonzept sende uns einfach eine E-Mail oder nutze unser Kontaktformular.<\/p>\n","protected":false},"excerpt":{"rendered":"<p>Ausbildung zur Falkenhelferin \/ zum Falkenhelfer Du m\u00f6chtest etwas sinnvolles mit Kindern oder Jugendlichen tun? Du interessierst dich f\u00fcr Politik und P\u00e4dagogik? Du bist mindestens 14 Jahre alt und offen f\u00fcr Neues? Dann bieten wir die etwas Besonderes! Du kannst bei uns lernen und erleben, Kinder und Jugendliche zu betreuen, zu f\u00f6rdern und sie auf ihrem Weg zu unterst\u00fctzen, ihre Interessen in die Gesellschaft einzubringen &hellip; <a href=\"https:\/\/www.falken-muenchen.de\/index.php\/angebote\/helferausbildung\/\" class=\"more-link\">Continue reading <span class=\"screen-reader-text\">&#x1f4da; Helfer:innnenausbildung<\/span> <span class=\"meta-nav\">&raquo;<\/span><\/a><\/p>\n","protected":false},"author":1,"featured_media":0,"parent":33,"menu_order":0,"comment_status":"closed","ping_status":"closed","template":"","meta":{"_crdt_document":"","footnotes":""},"class_list":["post-42","page","type-page","status-publish","hentry"],"_links":{"self":[{"href":"https:\/\/www.falken-muenchen.de\/index.php\/wp-json\/wp\/v2\/pages\/42","targetHints":{"allow":["GET"]}}],"collection":[{"href":"https:\/\/www.falken-muenchen.de\/index.php\/wp-json\/wp\/v2\/pages"}],"about":[{"href":"https:\/\/www.falken-muenchen.de\/index.php\/wp-json\/wp\/v2\/types\/page"}],"author":[{"embeddable":true,"href":"https:\/\/www.falken-muenchen.de\/index.php\/wp-json\/wp\/v2\/users\/1"}],"replies":[{"embeddable":true,"href":"https:\/\/www.falken-muenchen.de\/index.php\/wp-json\/wp\/v2\/comments?post=42"}],"version-history":[{"count":4,"href":"https:\/\/www.falken-muenchen.de\/index.php\/wp-json\/wp\/v2\/pages\/42\/revisions"}],"predecessor-version":[{"id":1169,"href":"https:\/\/www.falken-muenchen.de\/index.php\/wp-json\/wp\/v2\/pages\/42\/revisions\/1169"}],"up":[{"embeddable":true,"href":"https:\/\/www.falken-muenchen.de\/index.php\/wp-json\/wp\/v2\/pages\/33"}],"wp:attachment":[{"href":"https:\/\/www.falken-muenchen.de\/index.php\/wp-json\/wp\/v2\/media?parent=42"}],"curies":[{"name":"wp","href":"https:\/\/api.w.org\/{rel}","templated":true}]}}