{"id":39,"date":"2015-04-27T13:30:52","date_gmt":"2015-04-27T13:30:52","guid":{"rendered":"http:\/\/neueseite.falken-muenchen.de\/?page_id=39"},"modified":"2024-05-05T09:56:27","modified_gmt":"2024-05-05T08:56:27","slug":"seminare-und-freizeiten","status":"publish","type":"page","link":"https:\/\/www.falken-muenchen.de\/index.php\/angebote\/seminare-und-freizeiten\/","title":{"rendered":"&#x1f94f; Seminare und Freizeiten"},"content":{"rendered":"<h3>Die Welt verstehen lernen<\/h3>\n<p>Ein Wochenende mit den Falken: malen, singen, diskutieren, basteln und Theater spielen ist angesagt.<\/p>\n<p>Unsere Seminare und Freizeiten f\u00fcr Kinder und Jugendliche stehen jedes Mal unter einem bestimmten Thema.<br \/>\nJe nach Alter und Interesse geht es um Kinderrechte, um Geschichte, um Krieg oder Faschismus, um Schule und Arbeitswelt, um Beziehungen, Liebe und Sexualit\u00e4t.<\/p>\n<p>Aber wir informieren uns nicht nur, sondern wir versuchen auch, das Gelernte gleich zu zeigen: So h\u00e4ngen pl\u00f6tzlich Transparente gegen Rassismus an Br\u00fccken oder werden Plakate gegen den Kapitalismus geklebt.<\/p>\n<p><a href=\"http:\/\/neueseite.falken-muenchen.de\/wp-content\/uploads\/2015\/04\/transparent240.jpg\"><img loading=\"lazy\" decoding=\"async\" class=\" size-full wp-image-200 aligncenter\" src=\"http:\/\/neueseite.falken-muenchen.de\/wp-content\/uploads\/2015\/04\/transparent240.jpg\" alt=\"transparent240\" width=\"240\" height=\"116\" \/><\/a>Am Ende des Seminars stellen wir Informationstafeln am Bahnhof auf.<\/p>\n<p>Die N\u00e4chte sind kurz. Jetzt spielt das offizielle Thema keine Rolle mehr.<br \/>\nWenn man die Freundinnen und Freunde aus anderen Orten endlich wiedersieht, muss gefeiert werden. Und darin sind wir Falken besonders gut!<\/p>\n<p>Die Winterschule ist ein besonderes Seminar: Jugendliche aus ganz Bayern treffen sich eine Woche zwischen Weihnachten und Neujahr im bayerischen Wald. Viele Arbeitsgruppen und eine Riesen-Silvesterparty bilden den kr\u00f6nenden Jahresabschluss.<\/p>\n<p>Nat\u00fcrlich bilden sich auch die Helferinnen und Helfer, die in der Gruppenarbeit oder im Zeltlager aktiv sind. Sowohl neu Einsteigende als auch die Erfahrenen versuchen, aus der Praxis zu lernen und setzen sich mit den Grundlagen unserer politischen und p\u00e4dagogischen Arbeit auseinander.<\/p>\n","protected":false},"excerpt":{"rendered":"<p>Die Welt verstehen lernen Ein Wochenende mit den Falken: malen, singen, diskutieren, basteln und Theater spielen ist angesagt. Unsere Seminare und Freizeiten f\u00fcr Kinder und Jugendliche stehen jedes Mal unter einem bestimmten Thema. Je nach Alter und Interesse geht es um Kinderrechte, um Geschichte, um Krieg oder Faschismus, um Schule und Arbeitswelt, um Beziehungen, Liebe und Sexualit\u00e4t. Aber wir informieren uns nicht nur, sondern wir &hellip; <a href=\"https:\/\/www.falken-muenchen.de\/index.php\/angebote\/seminare-und-freizeiten\/\" class=\"more-link\">Continue reading <span class=\"screen-reader-text\">&#x1f94f; Seminare und Freizeiten<\/span> <span class=\"meta-nav\">&raquo;<\/span><\/a><\/p>\n","protected":false},"author":1,"featured_media":0,"parent":33,"menu_order":0,"comment_status":"closed","ping_status":"closed","template":"","meta":{"_crdt_document":"","footnotes":""},"class_list":["post-39","page","type-page","status-publish","hentry"],"_links":{"self":[{"href":"https:\/\/www.falken-muenchen.de\/index.php\/wp-json\/wp\/v2\/pages\/39","targetHints":{"allow":["GET"]}}],"collection":[{"href":"https:\/\/www.falken-muenchen.de\/index.php\/wp-json\/wp\/v2\/pages"}],"about":[{"href":"https:\/\/www.falken-muenchen.de\/index.php\/wp-json\/wp\/v2\/types\/page"}],"author":[{"embeddable":true,"href":"https:\/\/www.falken-muenchen.de\/index.php\/wp-json\/wp\/v2\/users\/1"}],"replies":[{"embeddable":true,"href":"https:\/\/www.falken-muenchen.de\/index.php\/wp-json\/wp\/v2\/comments?post=39"}],"version-history":[{"count":3,"href":"https:\/\/www.falken-muenchen.de\/index.php\/wp-json\/wp\/v2\/pages\/39\/revisions"}],"predecessor-version":[{"id":1172,"href":"https:\/\/www.falken-muenchen.de\/index.php\/wp-json\/wp\/v2\/pages\/39\/revisions\/1172"}],"up":[{"embeddable":true,"href":"https:\/\/www.falken-muenchen.de\/index.php\/wp-json\/wp\/v2\/pages\/33"}],"wp:attachment":[{"href":"https:\/\/www.falken-muenchen.de\/index.php\/wp-json\/wp\/v2\/media?parent=39"}],"curies":[{"name":"wp","href":"https:\/\/api.w.org\/{rel}","templated":true}]}}