{"id":293,"date":"2015-05-19T18:28:42","date_gmt":"2015-05-19T18:28:42","guid":{"rendered":"http:\/\/neueseite.falken-muenchen.de\/?page_id=293"},"modified":"2015-07-27T11:59:59","modified_gmt":"2015-07-27T11:59:59","slug":"sommerzeltlager-fuer-kinder","status":"publish","type":"page","link":"https:\/\/www.falken-muenchen.de\/index.php\/sommerzeltlager-fuer-kinder\/","title":{"rendered":"Sommerzeltlager f\u00fcr Kinder"},"content":{"rendered":"<p><strong>Sommerzeltlager f\u00fcr Kinder vom 02.-16.08.2015 in Ingolstadt<\/strong><\/p>\n<p><a href=\"http:\/\/neueseite.falken-muenchen.de\/wp-content\/uploads\/2015\/05\/bild.png\"><img loading=\"lazy\" decoding=\"async\" class=\" size-medium wp-image-297 alignleft\" src=\"http:\/\/neueseite.falken-muenchen.de\/wp-content\/uploads\/2015\/05\/bild-300x195.png\" alt=\"bild\" width=\"300\" height=\"195\" srcset=\"https:\/\/www.falken-muenchen.de\/wp-content\/uploads\/2015\/05\/bild-300x195.png 300w, https:\/\/www.falken-muenchen.de\/wp-content\/uploads\/2015\/05\/bild.png 418w\" sizes=\"auto, (max-width: 300px) 100vw, 300px\" \/><\/a>Unser Abenteuer hat einen Namen: Ferien im Zelt!<br \/>\nIn diesem Jahr geht es f\u00fcr zwei Wochen nach Ingolstadt. Inmitten eines malerischen Naherholungsgebietes direkt an einem <strong>Baggersee <\/strong>an der Donau liegt unser Zeltplatz &#8211; ideal zum Baden, Spielen und f\u00fcr Erkundungstouren in die Umgebung.<\/p>\n<p>Falkenzeltlager hei\u00dft, neue <strong>Freundschaften<\/strong> zu schlie\u00dfen und jeden Tag etwas Neues zu erleben. Sechs bis acht Kinder leben zusammen in einem Zelt und machen vieles gemeinsam. Jede Gruppe wird von ein oder zwei ausgebildeten Jugendlichen oder Erwachsenen betreut.<\/p>\n<p>In unserem <strong>Kindercaf\u00e9<\/strong> kannst du spielen, basteln, malen, lesen, chillen oder dich verkleiden und schminken. Ob Fu\u00dfball, Lagerfeuer, Beachvolleyball oder Spielen am Bach: bei uns ist immer etwas los!<\/p>\n<p>Bei uns kannst du mitbestimmen, was gemacht wird. Jeden Tag treffen wir uns im <strong>Meeting<\/strong> und bereden und entscheiden miteinander alles, was uns wichtig ist. Zum Beispiel: Baden gehen, am Lagerfeuer Lieder singen und Stockbrot futtern, fetzige Schaumpartys, eine Demo machen, gemeinsames Musikmachen, die Natur erkunden, gem\u00fctliches Vorlesen oder Freundschaftsb\u00e4nder kn\u00fcpfen&#8230;<\/p>\n<p>Wie jedes Jahr wollen wir uns neben jeder Menge Spa\u00df auch mit Themen auseinandersetzen, die uns betreffen. Diesmal steht das Thema <strong>Fl\u00fcchtlinge <\/strong>im Mittelpunkt.<br \/>\nWarum m\u00fcssen Menschen aus ihrer Heimat fl\u00fcchten und Freunde und Familie zur\u00fccklassen? Wie geht es Fl\u00fcchtlingen in Deutschland und wie werden sie hier behandelt? Diese und viele andere Fragen wollen wir auf dem Zeltlager in kreativer Weise kl\u00e4ren.<\/p>\n<p>Los, komm mit, lerne uns und viele andere Falken kennen!<\/p>\n<p>Einen Eindruck von unseren Zeltlagern bekommst du, wenn du dir unseren <strong>Videoclip<\/strong> \u201eKinderzeltlager SJD-Die Falken S\u00fcdbayern\u201c bei <a href=\"https:\/\/www.youtube.com\/watch?v=Wea9jwI_TzA\" target=\"_blank\">Youtube<\/a> anschaust!<\/p>\n<p>Alle Kinder von <strong>6 bis 14 Jahren<\/strong> k\u00f6nnen an unserem Sommerzeltlager teilnehmen.<\/p>\n<p><a href=\"http:\/\/falken-muenchen.de\/wp-content\/uploads\/downloads\/Zela_2015_Auschreibung_Webversion_aktuell.pdf\" target=\"_blank\">Hier<\/a> gibt es die <strong>Ausschreibung<\/strong> dazu, n\u00e4here Informationen im Falkenb\u00fcro erh\u00e4ltlich.<\/p>\n","protected":false},"excerpt":{"rendered":"<p>Sommerzeltlager f\u00fcr Kinder vom 02.-16.08.2015 in Ingolstadt Unser Abenteuer hat einen Namen: Ferien im Zelt! In diesem Jahr geht es f\u00fcr zwei Wochen nach Ingolstadt. Inmitten eines malerischen Naherholungsgebietes direkt an einem Baggersee an der Donau liegt unser Zeltplatz &#8211; ideal zum Baden, Spielen und f\u00fcr Erkundungstouren in die Umgebung. Falkenzeltlager hei\u00dft, neue Freundschaften zu schlie\u00dfen und jeden Tag etwas Neues zu erleben. Sechs bis &hellip; <a href=\"https:\/\/www.falken-muenchen.de\/index.php\/sommerzeltlager-fuer-kinder\/\" class=\"more-link\">Continue reading <span class=\"screen-reader-text\">Sommerzeltlager f\u00fcr Kinder<\/span> <span class=\"meta-nav\">&raquo;<\/span><\/a><\/p>\n","protected":false},"author":1,"featured_media":0,"parent":0,"menu_order":0,"comment_status":"closed","ping_status":"closed","template":"page-templates\/full-width2.php","meta":{"_crdt_document":"","footnotes":""},"class_list":["post-293","page","type-page","status-publish","hentry"],"_links":{"self":[{"href":"https:\/\/www.falken-muenchen.de\/index.php\/wp-json\/wp\/v2\/pages\/293","targetHints":{"allow":["GET"]}}],"collection":[{"href":"https:\/\/www.falken-muenchen.de\/index.php\/wp-json\/wp\/v2\/pages"}],"about":[{"href":"https:\/\/www.falken-muenchen.de\/index.php\/wp-json\/wp\/v2\/types\/page"}],"author":[{"embeddable":true,"href":"https:\/\/www.falken-muenchen.de\/index.php\/wp-json\/wp\/v2\/users\/1"}],"replies":[{"embeddable":true,"href":"https:\/\/www.falken-muenchen.de\/index.php\/wp-json\/wp\/v2\/comments?post=293"}],"version-history":[{"count":5,"href":"https:\/\/www.falken-muenchen.de\/index.php\/wp-json\/wp\/v2\/pages\/293\/revisions"}],"predecessor-version":[{"id":352,"href":"https:\/\/www.falken-muenchen.de\/index.php\/wp-json\/wp\/v2\/pages\/293\/revisions\/352"}],"wp:attachment":[{"href":"https:\/\/www.falken-muenchen.de\/index.php\/wp-json\/wp\/v2\/media?parent=293"}],"curies":[{"name":"wp","href":"https:\/\/api.w.org\/{rel}","templated":true}]}}