{"id":26,"date":"2015-04-27T13:15:17","date_gmt":"2015-04-27T13:15:17","guid":{"rendered":"http:\/\/neueseite.falken-muenchen.de\/?page_id=26"},"modified":"2024-05-05T10:01:43","modified_gmt":"2024-05-05T09:01:43","slug":"unsere-utopie","status":"publish","type":"page","link":"https:\/\/www.falken-muenchen.de\/index.php\/wer-wir-sind\/unsere-utopie\/","title":{"rendered":"&#x2b50; Unsere Utopie"},"content":{"rendered":"<p>Sozialismus hei\u00dft heute schon anders zu leben!<\/p>\n<p>Wir warten nicht auf eine bessere Welt, sondern wollen in unserem Zusammenleben jetzt schon zeigen, was eine sozialistische Gesellschaft ausmacht.<\/p>\n<p>F\u00fcr uns sind alle Menschen gleich viel wert &#8211; unabh\u00e4ngig von Alter, Geschlecht, Nationalit\u00e4t, Religion, Hautfarbe oder anderen Eigenschaften.<\/p>\n<p>Bei uns haben alle das Recht, mitzuentscheiden. Bei unseren Konferenzen, in unseren Gruppen und Zeltlagern probieren wir aus, wie Demokratie funktioniert. Die Mehrheit nimmt R\u00fccksicht auf Minderheiten, die Beschl\u00fcsse werden gemeinsam verwirklicht.<\/p>\n<p>Verantwortung haben bei uns nicht nur die Erwachsenen. Auch die j\u00fcngsten k\u00f6nnen schon Aufgaben \u00fcbernehmen und unsere Gruppen mitgestalten.<\/p>\n<p>Wir wissen, dass wir nur gemeinsam etwas erreichen k\u00f6nnen. Deshalb halten wir zusammen und setzen uns f\u00fcreinander ein. Unsere St\u00e4rke: die Solidarit\u00e4t!<\/p>\n<p>Gemeinsames Leben und Lernen von Jungen und M\u00e4dchen hat bei uns eine lange Tradition. Das gilt auch nachts &#8211; seit den ersten Falkenlagern vor 75 Jahren gibt es bei uns Gemeinschaftszelte.<\/p>\n<p>Wir treten daf\u00fcr ein, dass Sexualit\u00e4t nicht zum Tabu erkl\u00e4rt und unterdr\u00fcckt wird. Freundschaft und Liebe ist f\u00fcr Kinder und Jugendliche vielleicht die wichtigste Erfahrung.<\/p>\n","protected":false},"excerpt":{"rendered":"<p>Sozialismus hei\u00dft heute schon anders zu leben! Wir warten nicht auf eine bessere Welt, sondern wollen in unserem Zusammenleben jetzt schon zeigen, was eine sozialistische Gesellschaft ausmacht. F\u00fcr uns sind alle Menschen gleich viel wert &#8211; unabh\u00e4ngig von Alter, Geschlecht, Nationalit\u00e4t, Religion, Hautfarbe oder anderen Eigenschaften. Bei uns haben alle das Recht, mitzuentscheiden. Bei unseren Konferenzen, in unseren Gruppen und Zeltlagern probieren wir aus, wie &hellip; <a href=\"https:\/\/www.falken-muenchen.de\/index.php\/wer-wir-sind\/unsere-utopie\/\" class=\"more-link\">Continue reading <span class=\"screen-reader-text\">&#x2b50; Unsere Utopie<\/span> <span class=\"meta-nav\">&raquo;<\/span><\/a><\/p>\n","protected":false},"author":1,"featured_media":0,"parent":10,"menu_order":0,"comment_status":"closed","ping_status":"closed","template":"","meta":{"_crdt_document":"","footnotes":""},"class_list":["post-26","page","type-page","status-publish","hentry"],"_links":{"self":[{"href":"https:\/\/www.falken-muenchen.de\/index.php\/wp-json\/wp\/v2\/pages\/26","targetHints":{"allow":["GET"]}}],"collection":[{"href":"https:\/\/www.falken-muenchen.de\/index.php\/wp-json\/wp\/v2\/pages"}],"about":[{"href":"https:\/\/www.falken-muenchen.de\/index.php\/wp-json\/wp\/v2\/types\/page"}],"author":[{"embeddable":true,"href":"https:\/\/www.falken-muenchen.de\/index.php\/wp-json\/wp\/v2\/users\/1"}],"replies":[{"embeddable":true,"href":"https:\/\/www.falken-muenchen.de\/index.php\/wp-json\/wp\/v2\/comments?post=26"}],"version-history":[{"count":2,"href":"https:\/\/www.falken-muenchen.de\/index.php\/wp-json\/wp\/v2\/pages\/26\/revisions"}],"predecessor-version":[{"id":1180,"href":"https:\/\/www.falken-muenchen.de\/index.php\/wp-json\/wp\/v2\/pages\/26\/revisions\/1180"}],"up":[{"embeddable":true,"href":"https:\/\/www.falken-muenchen.de\/index.php\/wp-json\/wp\/v2\/pages\/10"}],"wp:attachment":[{"href":"https:\/\/www.falken-muenchen.de\/index.php\/wp-json\/wp\/v2\/media?parent=26"}],"curies":[{"name":"wp","href":"https:\/\/api.w.org\/{rel}","templated":true}]}}