{"id":23,"date":"2015-04-27T13:12:06","date_gmt":"2015-04-27T13:12:06","guid":{"rendered":"http:\/\/neueseite.falken-muenchen.de\/?page_id=23"},"modified":"2024-05-05T10:02:25","modified_gmt":"2024-05-05T09:02:25","slug":"unsere-standpunkte","status":"publish","type":"page","link":"https:\/\/www.falken-muenchen.de\/index.php\/wer-wir-sind\/unsere-standpunkte\/","title":{"rendered":"&#x1faa7; Unsere Standpunkte"},"content":{"rendered":"<p>Die Sozialistische Jugend Deutschlands &#8211; Die Falken setzt sich gegen Unrecht und Ausbeutung weltweit ein:<\/p>\n<ul>\n<li>Wir bek\u00e4mpfen Rassismus und Rechtsextremismus.<\/li>\n<li>Wir fordern mehr Demokratie und Mitbestimmung in allen Bereichen, auch in Schulen und Betrieben.<\/li>\n<li>Wir sind f\u00fcr Gesamtschulen mit kleineren Klassen, ohne Noten und Hausaufgaben.<\/li>\n<li>Wir treten f\u00fcr die wirkliche Gleichberechtigung von M\u00e4dchen und Frauen ein.<\/li>\n<li>Wir unterst\u00fctzen die Gewerkschaften bei ihrem Kampf gegen Arbeitslosigkeit, f\u00fcr eine zukunftsweisende Berufsausbildung und f\u00fcr Arbeitszeitverk\u00fcrzung mit vollem Lohnausgleich.<\/li>\n<li>Wir bek\u00e4mpfen das ungerechte Weltwirtschaftssystem und den Krieg als Mittel der Politik.<\/li>\n<li>Wir fordern gen\u00fcgend nichtkommerzielle Freizeitm\u00f6glichkeiten f\u00fcr Kinder und Jugendliche.<\/li>\n<li>Wir engagieren uns gegen Umweltzerst\u00f6rung und Vernichtung der Lebensgrundlagen<\/li>\n<\/ul>\n","protected":false},"excerpt":{"rendered":"<p>Die Sozialistische Jugend Deutschlands &#8211; Die Falken setzt sich gegen Unrecht und Ausbeutung weltweit ein: Wir bek\u00e4mpfen Rassismus und Rechtsextremismus. Wir fordern mehr Demokratie und Mitbestimmung in allen Bereichen, auch in Schulen und Betrieben. Wir sind f\u00fcr Gesamtschulen mit kleineren Klassen, ohne Noten und Hausaufgaben. Wir treten f\u00fcr die wirkliche Gleichberechtigung von M\u00e4dchen und Frauen ein. Wir unterst\u00fctzen die Gewerkschaften bei ihrem Kampf gegen Arbeitslosigkeit, &hellip; <a href=\"https:\/\/www.falken-muenchen.de\/index.php\/wer-wir-sind\/unsere-standpunkte\/\" class=\"more-link\">Continue reading <span class=\"screen-reader-text\">&#x1faa7; Unsere Standpunkte<\/span> <span class=\"meta-nav\">&raquo;<\/span><\/a><\/p>\n","protected":false},"author":1,"featured_media":0,"parent":10,"menu_order":0,"comment_status":"closed","ping_status":"closed","template":"","meta":{"_crdt_document":"","footnotes":""},"class_list":["post-23","page","type-page","status-publish","hentry"],"_links":{"self":[{"href":"https:\/\/www.falken-muenchen.de\/index.php\/wp-json\/wp\/v2\/pages\/23","targetHints":{"allow":["GET"]}}],"collection":[{"href":"https:\/\/www.falken-muenchen.de\/index.php\/wp-json\/wp\/v2\/pages"}],"about":[{"href":"https:\/\/www.falken-muenchen.de\/index.php\/wp-json\/wp\/v2\/types\/page"}],"author":[{"embeddable":true,"href":"https:\/\/www.falken-muenchen.de\/index.php\/wp-json\/wp\/v2\/users\/1"}],"replies":[{"embeddable":true,"href":"https:\/\/www.falken-muenchen.de\/index.php\/wp-json\/wp\/v2\/comments?post=23"}],"version-history":[{"count":2,"href":"https:\/\/www.falken-muenchen.de\/index.php\/wp-json\/wp\/v2\/pages\/23\/revisions"}],"predecessor-version":[{"id":1181,"href":"https:\/\/www.falken-muenchen.de\/index.php\/wp-json\/wp\/v2\/pages\/23\/revisions\/1181"}],"up":[{"embeddable":true,"href":"https:\/\/www.falken-muenchen.de\/index.php\/wp-json\/wp\/v2\/pages\/10"}],"wp:attachment":[{"href":"https:\/\/www.falken-muenchen.de\/index.php\/wp-json\/wp\/v2\/media?parent=23"}],"curies":[{"name":"wp","href":"https:\/\/api.w.org\/{rel}","templated":true}]}}