{"id":17,"date":"2015-04-27T13:00:45","date_gmt":"2015-04-27T12:00:45","guid":{"rendered":"http:\/\/neueseite.falken-muenchen.de\/?page_id=17"},"modified":"2024-05-05T09:58:39","modified_gmt":"2024-05-05T08:58:39","slug":"falken-in-muenchen","status":"publish","type":"page","link":"https:\/\/www.falken-muenchen.de\/index.php\/wer-wir-sind\/falken-in-muenchen\/","title":{"rendered":"&#x1f3d9;&#xfe0f; Falken in M\u00fcnchen"},"content":{"rendered":"<p>Die M\u00fcnchner Falken &#8211; immer aktiv!<\/p>\n<p>Viele Kinder, Jugendliche und Erwachsene kennen uns von unseren Aktionen in M\u00fcnchen: Jedes Jahr veranstalten wir das Kinderprogramm zum Tag der Arbeit am 1. Mai, den Tag des Kindes und das internationale Kinderfest in Giesing. Beim Open Air des Kreisjugendrings am K\u00f6nigsplatz sind wir jedes Jahr mit unseren Zelten, vielen Info- und Mitmachangeboten und unserem roten Sofa vertreten.<\/p>\n<p>Seit mehreren Jahren zeigten wir mit Spielaktionen in Obergiesing und Neuhausen, die von ehrenamtlichen Helferinnen und Helfern durchgef\u00fchrt wurden, dass hier Angebote f\u00fcr Kinder fehlen. Gerade die Kinder, die in Fl\u00fcchtlkingsunterk\u00fcnften leben, haben wenig M\u00f6glichkeiten zum Spielen.<\/p>\n<p>Mit Aktionen gegen Rassismus und Faschismus haben wir in den letzten Jahren gezeigt, was f\u00fcr uns Solidarit\u00e4t bedeutet. Ein Postkartenwettbewerb und eine Plakataktion brachte unsere Meinung in die \u00d6ffentlichkeit. Auf vielen Demonstrationen sind wir mit unseren Fahnen und Transparenten vertreten.<\/p>\n<p>Nat\u00fcrlich verreisen wir auch. Der absolute H\u00f6hepunkt unseres Jahresprogramms sind die Sommerlager. Falken-Zeltlager hei\u00dft zwei oder drei Wochen Spa\u00df mit anderen Kindern und Jugendlichen, Lagerfeuer, Baden, Ausfl\u00fcge, Disco, Sport und Spiel. Falkenzeltlager hei\u00dft auch, aktiv den Alltag mitzubestimmen, mitreden und mitentscheiden.<\/p>\n<p>Ein Wochenende mit den Falken: malen, singen, basteln, diskutieren und Theater spielen ist angesagt. Unsere Freizeiten f\u00fcr Kinder und Jugendliche stehen jedes Mal unter einem bestimmten Thema. Und so h\u00e4ngen pl\u00f6tzlich Transparente gegen Rassismus an Br\u00fccken oder stehen Gr\u00fcnde gegen Krieg auf Plakatw\u00e4nden. Und das Aufstehen am Montag morgen f\u00e4llt besonders schwer.<\/p>\n<p>Bevor es jemand langweilig wird, \u00f6ffnet das Falken-Kindercaf\u00e9 seine T\u00fcre. Treffen mit Freunden, Kicker und Billard und immer eine gemeinsame Aktion stehen auf dem Programm: Gel\u00e4ndespiel, Quiz, Disco oder Ausflug. Jeder, der Lust auf etwas Neues hat, ist hier willkommen.<\/p>\n<p>Unser Angebot f\u00fcr Jugendliche hei\u00dft &#8222;Sit-In&#8220;. Dieses Jugencaf\u00e9 findet unregelm\u00e4\u00dfig f\u00fcr alle jungen Leute ab 13 Jahren statt. Wir spielen, reden, feiern und setzen uns mit den Themen auseinander, die uns interessieren.<\/p>\n<p>Im &#8222;<a href=\"http:\/\/utopia-muenchen.de\" target=\"_blank\" rel=\"noopener\">Utopia<\/a>&#8220; ist immer etwas los. In der Ottobrunner Stra\u00dfe 10 in Ramersdorf ist die Freizeitst\u00e4tte und der Abenteuerspielplatz der M\u00fcnchner Falken. Montags bis Freitags ab 14 Uhr sind Kinder und Jugendliche willkommen &#8211; zum Reden, Spielen, Lachen, Basteln. Unsere Sozialp\u00e4dagoginnen und Sozialp\u00e4dagogen sind bereit zu helfen &#8211; bei Langeweile und Liebeskummer, bei Schulproblemen und Krach mit den Eltern.<\/p>\n<p>Wer m\u00f6chte, kann bei uns mitmachen.<\/p>\n<p>Hier kannst du uns erreichen:<br \/>\nSozialistische Jugend Deutschlands &#8211; Die Falken<br \/>\nKreisverband M\u00fcnchen<br \/>\nOttobrunner Str. 10<br \/>\n81737 M\u00fcnchen<br \/>\nTelefon 680 700 51<br \/>\nTelefax 680 700 53.<\/p>\n","protected":false},"excerpt":{"rendered":"<p>Die M\u00fcnchner Falken &#8211; immer aktiv! Viele Kinder, Jugendliche und Erwachsene kennen uns von unseren Aktionen in M\u00fcnchen: Jedes Jahr veranstalten wir das Kinderprogramm zum Tag der Arbeit am 1. Mai, den Tag des Kindes und das internationale Kinderfest in Giesing. Beim Open Air des Kreisjugendrings am K\u00f6nigsplatz sind wir jedes Jahr mit unseren Zelten, vielen Info- und Mitmachangeboten und unserem roten Sofa vertreten. Seit &hellip; <a href=\"https:\/\/www.falken-muenchen.de\/index.php\/wer-wir-sind\/falken-in-muenchen\/\" class=\"more-link\">Continue reading <span class=\"screen-reader-text\">&#x1f3d9;&#xfe0f; Falken in M\u00fcnchen<\/span> <span class=\"meta-nav\">&raquo;<\/span><\/a><\/p>\n","protected":false},"author":1,"featured_media":0,"parent":10,"menu_order":-5,"comment_status":"closed","ping_status":"closed","template":"","meta":{"_crdt_document":"","footnotes":""},"class_list":["post-17","page","type-page","status-publish","hentry"],"_links":{"self":[{"href":"https:\/\/www.falken-muenchen.de\/index.php\/wp-json\/wp\/v2\/pages\/17","targetHints":{"allow":["GET"]}}],"collection":[{"href":"https:\/\/www.falken-muenchen.de\/index.php\/wp-json\/wp\/v2\/pages"}],"about":[{"href":"https:\/\/www.falken-muenchen.de\/index.php\/wp-json\/wp\/v2\/types\/page"}],"author":[{"embeddable":true,"href":"https:\/\/www.falken-muenchen.de\/index.php\/wp-json\/wp\/v2\/users\/1"}],"replies":[{"embeddable":true,"href":"https:\/\/www.falken-muenchen.de\/index.php\/wp-json\/wp\/v2\/comments?post=17"}],"version-history":[{"count":4,"href":"https:\/\/www.falken-muenchen.de\/index.php\/wp-json\/wp\/v2\/pages\/17\/revisions"}],"predecessor-version":[{"id":1176,"href":"https:\/\/www.falken-muenchen.de\/index.php\/wp-json\/wp\/v2\/pages\/17\/revisions\/1176"}],"up":[{"embeddable":true,"href":"https:\/\/www.falken-muenchen.de\/index.php\/wp-json\/wp\/v2\/pages\/10"}],"wp:attachment":[{"href":"https:\/\/www.falken-muenchen.de\/index.php\/wp-json\/wp\/v2\/media?parent=17"}],"curies":[{"name":"wp","href":"https:\/\/api.w.org\/{rel}","templated":true}]}}