{"id":1144,"date":"2024-03-23T16:30:49","date_gmt":"2024-03-23T15:30:49","guid":{"rendered":"https:\/\/www.falken-muenchen.de\/?page_id=1144"},"modified":"2024-05-05T09:52:40","modified_gmt":"2024-05-05T08:52:40","slug":"aktiventreffen","status":"publish","type":"page","link":"https:\/\/www.falken-muenchen.de\/index.php\/angebote\/aktiventreffen\/","title":{"rendered":"&#x1f465; Aktiventreffen"},"content":{"rendered":"\n<p class=\"wp-block-paragraph\">Alle, die bei den M\u00fcnchner Falken eine aktive Rolle spielen, treffen sich regelm\u00e4\u00dfig. Dazu geh\u00f6ren Gruppenhelfer:innen, Vorstandsmitglieder und alle, die sonst bei Veranstaltungen mitwirken. Immer am <strong>ersten Samstag im Monat<\/strong> kommen wir zusammen. Mal einfach nur zum Austausch, meistens aber mit einem Thema zum Diskutieren und Weiterbilden.<\/p>\n\n\n\n<p class=\"wp-block-paragraph\">Das Treffen eignet sich auch prima zum Reinschnuppern und Kennenlernen. Du m\u00f6chtest unsere Standpunkte unterst\u00fctzen? Bei einer Freizeit oder einem Zeltlager mit vorbereiten oder unterst\u00fctzen? Dich p\u00e4dagogisch weiterbilden? Neue Interessierte sind immer willkommen! <a href=\"mailto:info@falken-muenchen.de\">Schreib uns gern in einer E-Mail<\/a>, wenn du am Aktiventreffen teilnehmen m\u00f6chtest und welche Themen dir wichtig sind.<\/p>\n","protected":false},"excerpt":{"rendered":"<p>Alle, die bei den M\u00fcnchner Falken eine aktive Rolle spielen, treffen sich regelm\u00e4\u00dfig. Dazu geh\u00f6ren Gruppenhelfer:innen, Vorstandsmitglieder und alle, die sonst bei Veranstaltungen mitwirken. Immer am ersten Samstag im Monat kommen wir zusammen. Mal einfach nur zum Austausch, meistens aber mit einem Thema zum Diskutieren und Weiterbilden. Das Treffen eignet sich auch prima zum Reinschnuppern und Kennenlernen. Du m\u00f6chtest unsere Standpunkte unterst\u00fctzen? Bei einer Freizeit &hellip; <a href=\"https:\/\/www.falken-muenchen.de\/index.php\/angebote\/aktiventreffen\/\" class=\"more-link\">Continue reading <span class=\"screen-reader-text\">&#x1f465; Aktiventreffen<\/span> <span class=\"meta-nav\">&raquo;<\/span><\/a><\/p>\n","protected":false},"author":1,"featured_media":0,"parent":33,"menu_order":0,"comment_status":"closed","ping_status":"closed","template":"","meta":{"_crdt_document":"","footnotes":""},"class_list":["post-1144","page","type-page","status-publish","hentry"],"_links":{"self":[{"href":"https:\/\/www.falken-muenchen.de\/index.php\/wp-json\/wp\/v2\/pages\/1144","targetHints":{"allow":["GET"]}}],"collection":[{"href":"https:\/\/www.falken-muenchen.de\/index.php\/wp-json\/wp\/v2\/pages"}],"about":[{"href":"https:\/\/www.falken-muenchen.de\/index.php\/wp-json\/wp\/v2\/types\/page"}],"author":[{"embeddable":true,"href":"https:\/\/www.falken-muenchen.de\/index.php\/wp-json\/wp\/v2\/users\/1"}],"replies":[{"embeddable":true,"href":"https:\/\/www.falken-muenchen.de\/index.php\/wp-json\/wp\/v2\/comments?post=1144"}],"version-history":[{"count":2,"href":"https:\/\/www.falken-muenchen.de\/index.php\/wp-json\/wp\/v2\/pages\/1144\/revisions"}],"predecessor-version":[{"id":1168,"href":"https:\/\/www.falken-muenchen.de\/index.php\/wp-json\/wp\/v2\/pages\/1144\/revisions\/1168"}],"up":[{"embeddable":true,"href":"https:\/\/www.falken-muenchen.de\/index.php\/wp-json\/wp\/v2\/pages\/33"}],"wp:attachment":[{"href":"https:\/\/www.falken-muenchen.de\/index.php\/wp-json\/wp\/v2\/media?parent=1144"}],"curies":[{"name":"wp","href":"https:\/\/api.w.org\/{rel}","templated":true}]}}