{"id":10,"date":"2015-04-27T12:03:09","date_gmt":"2015-04-27T12:03:09","guid":{"rendered":"http:\/\/neueseite.falken-muenchen.de\/?page_id=10"},"modified":"2024-05-05T09:58:12","modified_gmt":"2024-05-05T08:58:12","slug":"wer-wir-sind","status":"publish","type":"page","link":"https:\/\/www.falken-muenchen.de\/index.php\/wer-wir-sind\/","title":{"rendered":"&#x1f64b;&#x200d;&#x2640;&#xfe0f; Wer wir sind"},"content":{"rendered":"<h2>Sozialistische Jugend Deutschlands &#8211; Die Falken: links und frei!<\/h2>\n<p>Die Sozialistische Jugend Deutschlands &#8211; Die Falken, ist ein Kinder- und Jugendverband mit einer langen Tradition. Wir organisieren Gruppenarbeit, Zeltlager, Freizeiten, Seminare und Aktionen. Bei uns verbringen Kinder und Jugendliche ihre Freizeit und machen gemeinsam mit anderen Politik f\u00fcr sich selbst.<\/p>\n<p>Politik hat etwas mit uns zu tun, mit unseren Interessen und Bed\u00fcrfnissen. Wir wollen nicht, dass die Welt so bleibt wie sie ist. Wir wehren uns gegen Rassismus, Ausbeutung, Krieg und Ungerechtigkeit. Wir treten ein f\u00fcr Kinderrechte, Selbstbestimmung, Solidarit\u00e4t und soziale Gerechtigkeit. Als Verband mit einer \u00fcber hundertj\u00e4hrigen Geschichte wissen wir, dass wir unsere Interessen nicht Politikern \u00fcberlassen d\u00fcrfen, sondern sie selbst in die Hand nehmen m\u00fcssen. Wir Falken wollen Freiheit, Frieden, Gerechtigkeit und Selbstbestimmung f\u00fcr alle Menschen.<\/p>\n<p>Wir wissen, dass dies nur geht, wenn die Gesellschaft grundlegend ge\u00e4ndert wird. Deswegen treten wir f\u00fcr eine sozialistische Gesellschaft ein.<\/p>\n<p>Was wir denken und tr\u00e4umen versuchen wir schon heute zu leben &#8211; in unserer Gruppenarbeit, bei unseren Aktionen, Freizeiten und Zeltlagern.<\/p>\n","protected":false},"excerpt":{"rendered":"<p>Sozialistische Jugend Deutschlands &#8211; Die Falken: links und frei! Die Sozialistische Jugend Deutschlands &#8211; Die Falken, ist ein Kinder- und Jugendverband mit einer langen Tradition. Wir organisieren Gruppenarbeit, Zeltlager, Freizeiten, Seminare und Aktionen. Bei uns verbringen Kinder und Jugendliche ihre Freizeit und machen gemeinsam mit anderen Politik f\u00fcr sich selbst. Politik hat etwas mit uns zu tun, mit unseren Interessen und Bed\u00fcrfnissen. Wir wollen nicht, &hellip; <a href=\"https:\/\/www.falken-muenchen.de\/index.php\/wer-wir-sind\/\" class=\"more-link\">Continue reading <span class=\"screen-reader-text\">&#x1f64b;&#x200d;&#x2640;&#xfe0f; Wer wir sind<\/span> <span class=\"meta-nav\">&raquo;<\/span><\/a><\/p>\n","protected":false},"author":1,"featured_media":0,"parent":0,"menu_order":0,"comment_status":"closed","ping_status":"closed","template":"","meta":{"_crdt_document":"","footnotes":""},"class_list":["post-10","page","type-page","status-publish","hentry"],"_links":{"self":[{"href":"https:\/\/www.falken-muenchen.de\/index.php\/wp-json\/wp\/v2\/pages\/10","targetHints":{"allow":["GET"]}}],"collection":[{"href":"https:\/\/www.falken-muenchen.de\/index.php\/wp-json\/wp\/v2\/pages"}],"about":[{"href":"https:\/\/www.falken-muenchen.de\/index.php\/wp-json\/wp\/v2\/types\/page"}],"author":[{"embeddable":true,"href":"https:\/\/www.falken-muenchen.de\/index.php\/wp-json\/wp\/v2\/users\/1"}],"replies":[{"embeddable":true,"href":"https:\/\/www.falken-muenchen.de\/index.php\/wp-json\/wp\/v2\/comments?post=10"}],"version-history":[{"count":2,"href":"https:\/\/www.falken-muenchen.de\/index.php\/wp-json\/wp\/v2\/pages\/10\/revisions"}],"predecessor-version":[{"id":1175,"href":"https:\/\/www.falken-muenchen.de\/index.php\/wp-json\/wp\/v2\/pages\/10\/revisions\/1175"}],"wp:attachment":[{"href":"https:\/\/www.falken-muenchen.de\/index.php\/wp-json\/wp\/v2\/media?parent=10"}],"curies":[{"name":"wp","href":"https:\/\/api.w.org\/{rel}","templated":true}]}}